{"id":14,"date":"2024-02-02T10:37:07","date_gmt":"2024-02-02T10:37:07","guid":{"rendered":"https:\/\/makingconnect.it\/app\/register\/"},"modified":"2024-07-22T12:04:10","modified_gmt":"2024-07-22T12:04:10","slug":"register","status":"publish","type":"page","link":"https:\/\/makingconnect.it\/app\/register\/","title":{"rendered":"Register"},"content":{"rendered":"\t\t<div data-elementor-type=\"wp-page\" data-elementor-id=\"14\" class=\"elementor elementor-14\" data-elementor-post-type=\"page\">\n\t\t\t\t<div data-dce-background-image-url=\"https:\/\/www.workingfor04.net\/makingconnect\/wp-content\/uploads\/2024\/02\/Making.png\" class=\"elementor-element elementor-element-fe2a17a e-flex e-con-boxed e-con e-parent\" data-id=\"fe2a17a\" data-element_type=\"container\" data-e-type=\"container\" data-settings=\"{&quot;background_background&quot;:&quot;classic&quot;}\">\n\t\t\t\t\t<div class=\"e-con-inner\">\n\t\t<div class=\"elementor-element elementor-element-592887b e-flex e-con-boxed e-con e-child\" data-id=\"592887b\" data-element_type=\"container\" data-e-type=\"container\">\n\t\t\t\t\t<div class=\"e-con-inner\">\n\t\t<div class=\"elementor-element elementor-element-130ec61 e-flex e-con-boxed e-con e-child\" data-id=\"130ec61\" data-element_type=\"container\" data-e-type=\"container\">\n\t\t\t\t\t<div class=\"e-con-inner\">\n\t\t\t\t<div class=\"elementor-element elementor-element-a885c9c dce_masking-none elementor-widget elementor-widget-image\" data-id=\"a885c9c\" data-element_type=\"widget\" data-e-type=\"widget\" data-widget_type=\"image.default\">\n\t\t\t\t\t\t\t\t\t\t\t\t\t\t\t<img decoding=\"async\" width=\"55\" height=\"70\" src=\"https:\/\/makingconnect.it\/app\/wp-content\/uploads\/2024\/05\/Making-loghino-1.png\" class=\"attachment-large size-large wp-image-9345\" alt=\"\" \/>\t\t\t\t\t\t\t\t\t\t\t\t\t\t\t<\/div>\n\t\t\t\t<div class=\"elementor-element elementor-element-555563d elementor-widget elementor-widget-heading\" data-id=\"555563d\" data-element_type=\"widget\" data-e-type=\"widget\" data-widget_type=\"heading.default\">\n\t\t\t\t\t<h1 class=\"elementor-heading-title elementor-size-default\">MAKING CONNECT<\/h1>\t\t\t\t<\/div>\n\t\t\t\t<div class=\"elementor-element elementor-element-8f48838 elementor-widget elementor-widget-wpml-language-switcher\" data-id=\"8f48838\" data-element_type=\"widget\" data-e-type=\"widget\" data-widget_type=\"wpml-language-switcher.default\">\n\t\t\t\t<div class=\"elementor-widget-container\">\n\t\t\t\t\t<div class=\"wpml-elementor-ls\">\n<div role=\"navigation\" aria-label=\"Selettore lingua\" class=\"wpml-ls-statics-shortcode_actions wpml-ls wpml-ls-legacy-list-horizontal\">\n\t<ul><li class=\"wpml-ls-slot-shortcode_actions wpml-ls-item wpml-ls-item-en wpml-ls-first-item wpml-ls-item-legacy-list-horizontal\">\n\t\t\t\t<a href=\"https:\/\/makingconnect.it\/app\/en\/\" hreflang=\"en\" lang=\"en\" class=\"wpml-ls-link\" aria-label=\"Passa a Inglese\" title=\"Passa a Inglese\">\n\t\t\t\t\t                                    <img decoding=\"async\"\n            class=\"wpml-ls-flag\"\n            src=\"https:\/\/makingconnect.it\/app\/wp-content\/uploads\/flags\/UnionJack.svg\"\n            alt=\"Inglese\"\n            loading=\"lazy\"\n            width=18\n            height=12\n    \/><\/a>\n\t\t\t<\/li><li class=\"wpml-ls-slot-shortcode_actions wpml-ls-item wpml-ls-item-it wpml-ls-current-language wpml-ls-last-item wpml-ls-item-legacy-list-horizontal\">\n\t\t\t\t<a href=\"https:\/\/makingconnect.it\/app\/\" hreflang=\"it\" lang=\"it\" class=\"wpml-ls-link\" aria-current=\"page\" aria-label=\"Passa a Italiano\" title=\"Passa a Italiano\">\n\t\t\t\t\t                                    <img decoding=\"async\"\n            class=\"wpml-ls-flag\"\n            src=\"https:\/\/makingconnect.it\/app\/wp-content\/uploads\/flags\/Ita.svg\"\n            alt=\"Italiano\"\n            loading=\"lazy\"\n            width=18\n            height=12\n    \/><\/a>\n\t\t\t<\/li><\/ul>\n<\/div>\n<\/div>\t\t\t\t<\/div>\n\t\t\t\t<\/div>\n\t\t\t\t\t<\/div>\n\t\t\t\t<\/div>\n\t\t\t\t\t<\/div>\n\t\t\t\t<\/div>\n\t\t<div class=\"elementor-element elementor-element-6678250 e-con-full e-flex e-con e-child\" data-id=\"6678250\" data-element_type=\"container\" data-e-type=\"container\" data-settings=\"{&quot;background_background&quot;:&quot;classic&quot;}\">\n\t\t<div class=\"elementor-element elementor-element-f88f787 e-con-full e-flex e-con e-child\" data-id=\"f88f787\" data-element_type=\"container\" data-e-type=\"container\">\n\t\t<div class=\"elementor-element elementor-element-ee382ee e-con-full e-flex e-con e-child\" data-id=\"ee382ee\" data-element_type=\"container\" data-e-type=\"container\">\n\t\t<div class=\"elementor-element elementor-element-56abee8 e-con-full e-flex e-con e-child\" data-id=\"56abee8\" data-element_type=\"container\" data-e-type=\"container\">\n\t\t<div class=\"elementor-element elementor-element-258e213 e-flex e-con-boxed e-con e-child\" data-id=\"258e213\" data-element_type=\"container\" data-e-type=\"container\">\n\t\t\t\t\t<div class=\"e-con-inner\">\n\t\t\t\t<div class=\"elementor-element elementor-element-449782d9 form-register elementor-widget elementor-widget-shortcode\" data-id=\"449782d9\" data-element_type=\"widget\" data-e-type=\"widget\" data-widget_type=\"shortcode.default\">\n\t\t\t\t\t\t\t<div class=\"elementor-shortcode\">\n<div class=\"um um-register um-8\">\n\t<div class=\"um-form\" data-mode=\"register\">\n\t\t<form method=\"post\" action=\"\">\n\t\t\t<div class=\"um-row _um_row_1 \" style=\"margin: 0 0 30px 0;\"><div class=\"um-col-1\"><div  id=\"um_field_8_first_name\" class=\"um-field um-field-text  um-field-first_name um-field-text um-field-type_text\" data-key=\"first_name\"><div class=\"um-field-label\"><label for=\"first_name-8\">Il tuo nome<span class=\"um-req\" title=\"Obbligatorio\">*<\/span><\/label><div class=\"um-clear\"><\/div><\/div><div class=\"um-field-area\"><input  autocomplete=\"off\" class=\"um-form-field valid \" type=\"text\" name=\"first_name-8\" id=\"first_name-8\" value=\"\" placeholder=\"Nome\" data-validate=\"\" data-key=\"first_name\"  aria-invalid=\"false\" \/>\n\n\t\t\t\t\t\t<\/div><\/div><div  id=\"um_field_8_last_name\" class=\"um-field um-field-text  um-field-last_name um-field-text um-field-type_text\" data-key=\"last_name\"><div class=\"um-field-label\"><label for=\"last_name-8\">Il tuo cognome<span class=\"um-req\" title=\"Obbligatorio\">*<\/span><\/label><div class=\"um-clear\"><\/div><\/div><div class=\"um-field-area\"><input  autocomplete=\"off\" class=\"um-form-field valid \" type=\"text\" name=\"last_name-8\" id=\"last_name-8\" value=\"\" placeholder=\"Cognome\" data-validate=\"\" data-key=\"last_name\"  aria-invalid=\"false\" \/>\n\n\t\t\t\t\t\t<\/div><\/div><div  id=\"um_field_8_user_email\" class=\"um-field um-field-text  um-field-user_email um-field-text um-field-type_text\" data-key=\"user_email\"><div class=\"um-field-label\"><label for=\"user_email-8\">Il tuo indirizzo email<span class=\"um-req\" title=\"Obbligatorio\">*<\/span><\/label><div class=\"um-clear\"><\/div><\/div><div class=\"um-field-area\"><input  autocomplete=\"off\" class=\"um-form-field valid \" type=\"text\" name=\"user_email-8\" id=\"user_email-8\" value=\"\" placeholder=\"Email\" data-validate=\"custom\" data-key=\"user_email\"  aria-invalid=\"false\" \/>\n\n\t\t\t\t\t\t<\/div><\/div><div  id=\"um_field_8_telephone\" class=\"um-field um-field-tel  um-field-telephone um-field-tel um-field-type_tel\" data-key=\"telephone\"><div class=\"um-field-label\"><label for=\"telephone-8\">Il tuo numero di telefono<\/label><div class=\"um-clear\"><\/div><\/div><div class=\"um-field-area\"><input  autocomplete=\"off\" class=\"um-form-field valid not-required \" type=\"tel\" name=\"telephone-8\" id=\"telephone-8\" value=\"\" placeholder=\"Telefono\" data-validate=\"phone_number\" data-key=\"telephone\"  aria-invalid=\"false\" \/>\n\n\t\t\t\t\t\t<\/div><\/div><div  id=\"um_field_8_user_password\" class=\"um-field um-field-password  um-field-user_password um-field-password um-field-type_password\" data-key=\"user_password\"><div class=\"um-field-label\"><label for=\"user_password-8\">Scegli la tua password<span class=\"um-req\" title=\"Obbligatorio\">*<\/span><\/label><div class=\"um-clear\"><\/div><\/div><div class=\"um-field-area\"><div class=\"um-field-area-password\">\n\t\t\t\t\t\t\t\t\t<input class=\"um-form-field valid \" type=\"password\" name=\"user_password-8\" id=\"user_password-8\" value=\"\" placeholder=\"Password\" data-validate=\"\" data-key=\"user_password\"  aria-invalid=\"false\" \/>\n\t\t\t\t\t\t\t\t\t<span class=\"um-toggle-password\"><i class=\"um-icon-eye\"><\/i><\/span>\n\t\t\t\t\t\t\t\t<\/div>\n\t\t\t\t\t\t\t<\/div><\/div><div  id=\"um_field_8_confirm_user_password\" class=\"um-field um-field-password  um-field-user_password um-field-password um-field-type_password\" data-key=\"confirm_user_password\"><div class=\"um-field-label\"><label for=\"confirm_user_password-8\">Conferma password<span class=\"um-req\" title=\"Obbligatorio\">*<\/span><\/label><div class=\"um-clear\"><\/div><\/div><div class=\"um-field-area\"><div class=\"um-field-area-password\"><input class=\"um-form-field valid \" type=\"password\" name=\"confirm_user_password-8\" id=\"confirm_user_password-8\" value=\"\" placeholder=\"Conferma password\" data-validate=\"\" data-key=\"confirm_user_password\"  aria-invalid=\"false\" \/><span class=\"um-toggle-password\"><i class=\"um-icon-eye\"><\/i><\/span><\/div><\/div><\/div><div  class=\"um-field um-field-block  um-field-block um-field-type_block\" data-key=\"um_block_8_14\"><span style=\"color: #1a979d;font-size: 10px\"> La password deve contenere almeno una lettera maiuscola un numero e un simbolo speciale<\/span><\/div><div  id=\"um_field_8_professione1\" class=\"um-field um-field-select  um-field-professione1 um-field-select um-field-type_select\" data-key=\"professione1\"><div class=\"um-field-label\"><label for=\"professione1-8\">La tua professione<\/label><div class=\"um-clear\"><\/div><\/div><div class=\"um-field-area  \"><select data-default=\"\"     name=\"professione1\" id=\"professione1\" data-validate=\"\" data-key=\"professione1\" class=\"um-form-field valid not-required um-s1 \" style=\"width: 100%\" data-placeholder=\"\"   aria-invalid=\"false\" ><option value=\"\"><\/option><option value=\"Impiegato\/Dirigente aziendale\" >Impiegato\/Dirigente aziendale<\/option><option value=\"Consulente\/Libero professionista\" >Consulente\/Libero professionista<\/option><option value=\"Studente\" >Studente<\/option><option value=\"Docente universitario\" >Docente universitario<\/option><option value=\"Operatore Sanitario\" >Operatore Sanitario<\/option><option value=\"Altro\" >Altro<\/option><\/select><\/div><\/div><div  id=\"um_field_8_sanitarieprofessioni\" class=\"um-field um-field-select  um-is-conditional um-field-sanitarieprofessioni um-field-select um-field-type_select\" data-key=\"sanitarieprofessioni\" data-cond-0-action=\"show\" data-cond-0-field=\"professione1\" data-cond-0-operator=\"equals to\" data-cond-0-value=\"Operatore Sanitario\"><div class=\"um-field-area  \"><select data-default=\"\"     name=\"sanitarieprofessioni\" id=\"sanitarieprofessioni\" data-validate=\"\" data-key=\"sanitarieprofessioni\" class=\"um-form-field valid not-required um-s1 \" style=\"width: 100%\" data-placeholder=\"\"   aria-invalid=\"false\" ><option value=\"\"><\/option><option value=\"Farmacista\" >Farmacista<\/option><option value=\"Medico chirurgo\" >Medico chirurgo<\/option><option value=\"Odontoiatra\" >Odontoiatra<\/option><option value=\"Veterinario\" >Veterinario<\/option><option value=\"Biologo\" >Biologo<\/option><option value=\"Fisico\" >Fisico<\/option><option value=\"Chimico\" >Chimico<\/option><option value=\"Psicologo\" >Psicologo<\/option><option value=\"Infermiere\" >Infermiere<\/option><option value=\"Infermiere pediatrico\" >Infermiere pediatrico<\/option><option value=\"Ostetrica\/o\" >Ostetrica\/o<\/option><option value=\"Tecnico sanitario di radiologia medica\" >Tecnico sanitario di radiologia medica<\/option><option value=\"Tecnico audiometrista\" >Tecnico audiometrista<\/option><option value=\"Tecnico sanitario di laboratorio biomedico\" >Tecnico sanitario di laboratorio biomedico<\/option><option value=\"Tecnico di neurofisiopatologia\" >Tecnico di neurofisiopatologia<\/option><option value=\"Tecnico audioprotesista\" >Tecnico audioprotesista<\/option><option value=\"Tecnico della fisiopatologia cardiocircolatoria e perfusione cardiovascolare\" >Tecnico della fisiopatologia cardiocircolatoria e perfusione cardiovascolare<\/option><option value=\"Igienista dentale\" >Igienista dentale<\/option><option value=\"Dietista\" >Dietista<\/option><option value=\"Podologo\" >Podologo<\/option><option value=\"Fisioterapista\" >Fisioterapista<\/option><option value=\"Logopedista\" >Logopedista<\/option><option value=\"Ortottista - Assistente di oftalmologia\" >Ortottista - Assistente di oftalmologia<\/option><option value=\"Terapista della neuro e psicomotricit\u00e0 dell&#039;et\u00e0 evolutiva\" >Terapista della neuro e psicomotricit\u00e0 dell&#039;et\u00e0 evolutiva<\/option><option value=\"Tecnico riabilitazione psichiatrica\" >Tecnico riabilitazione psichiatrica<\/option><option value=\"Terapista occupazionale\" >Terapista occupazionale<\/option><option value=\"Educatore professionale\" >Educatore professionale<\/option><option value=\"Tecnico della prevenzione nell&#039;ambiente e nei luoghi di lavoro\" >Tecnico della prevenzione nell&#039;ambiente e nei luoghi di lavoro<\/option><option value=\"Assistente sanitario\" >Assistente sanitario<\/option><\/select><\/div><\/div><div  id=\"um_field_8_aziendaruolo\" class=\"um-field um-field-select  um-is-conditional um-field-aziendaruolo um-field-select um-field-type_select\" data-key=\"aziendaruolo\" data-cond-0-action=\"show\" data-cond-0-field=\"professione1\" data-cond-0-operator=\"equals to\" data-cond-0-value=\"Impiegato\/Dirigente aziendale\"><div class=\"um-field-label\"><label for=\"aziendaruolo-8\">Lavori in azienda? Scegli il tuo ruolo:<\/label><div class=\"um-clear\"><\/div><\/div><div class=\"um-field-area  \"><select data-default=\"\"     name=\"aziendaruolo\" id=\"aziendaruolo\" data-validate=\"\" data-key=\"aziendaruolo\" class=\"um-form-field valid not-required um-s1 \" style=\"width: 100%\" data-placeholder=\"\"   aria-invalid=\"false\" ><option value=\"\"><\/option><option value=\"Area Manager\" >Area Manager<\/option><option value=\"Brand Manager\" >Brand Manager<\/option><option value=\"CEO \/ Amministratore Delegato\" >CEO \/ Amministratore Delegato<\/option><option value=\"Clinical Monitor\" >Clinical Monitor<\/option><option value=\"Clinical Research Associate\" >Clinical Research Associate<\/option><option value=\"Marketing \/ Communication Manager\" >Marketing \/ Communication Manager<\/option><option value=\"Direttore di Produzione\" >Direttore di Produzione<\/option><option value=\"Health Economics Manager\" >Health Economics Manager<\/option><option value=\"Informatore Scientifico\" >Informatore Scientifico<\/option><option value=\"IT Manager\" >IT Manager<\/option><option value=\"Key Account Manager\" >Key Account Manager<\/option><option value=\"Local Affairs Manager\" >Local Affairs Manager<\/option><option value=\"Medical Manager\" >Medical Manager<\/option><option value=\"Sales Manager \/ BDM\" >Sales Manager \/ BDM<\/option><option value=\"Product Manager\" >Product Manager<\/option><option value=\"Project Manager\" >Project Manager<\/option><option value=\"Quality Assurance Manager\" >Quality Assurance Manager<\/option><option value=\"Quality Control Manager\" >Quality Control Manager<\/option><option value=\"Qualified Person\" >Qualified Person<\/option><option value=\"Ricercatore farmaceutico\" >Ricercatore farmaceutico<\/option><option value=\"Regulatory Affairs Manager\" >Regulatory Affairs Manager<\/option><option value=\"Altro\" >Altro<\/option><option value=\"Market Access Manager\" >Market Access Manager<\/option><option value=\"Supply Chain Manager\" >Supply Chain Manager<\/option><option value=\"ESG Manager\" >ESG Manager<\/option><option value=\"R&amp;D Manager\" >R&amp;D Manager<\/option><option value=\"Operations Manager\" >Operations Manager<\/option><option value=\"CFO \/ Amministrazione \/ Contabilit\u00e0\" >CFO \/ Amministrazione \/ Contabilit\u00e0<\/option><option value=\"Executive Assistant\" >Executive Assistant<\/option><option value=\"HR Manager\" >HR Manager<\/option><option value=\"Pharmacovigilance Manager\" >Pharmacovigilance Manager<\/option><option value=\"Legal Affairs Manager\" >Legal Affairs Manager<\/option><option value=\"Public Affairs Manager\" >Public Affairs Manager<\/option><option value=\"Laboratory Manager\" >Laboratory Manager<\/option><option value=\"Compliance \/ Audit Manager\" >Compliance \/ Audit Manager<\/option><option value=\"Procurement \/ Purchasing Manager\" >Procurement \/ Purchasing Manager<\/option><option value=\"Technical Manager\" >Technical Manager<\/option><option value=\"Country Manager\" >Country Manager<\/option><option value=\"Validation Manager\" >Validation Manager<\/option><option value=\"General Manager \/ Managing Director\" >General Manager \/ Managing Director<\/option><option value=\"Business Unit Director\" >Business Unit Director<\/option><option value=\"Scientific Manager\" >Scientific Manager<\/option><\/select><\/div><\/div><div  id=\"um_field_8_azienda\" class=\"um-field um-field-text  um-is-conditional um-field-azienda um-field-text um-field-type_text\" data-key=\"azienda\" data-cond-0-action=\"show\" data-cond-0-field=\"professione1\" data-cond-0-operator=\"equals to\" data-cond-0-value=\"Impiegato\/Dirigente aziendale\"><div class=\"um-field-label\"><label for=\"azienda-8\">Azienda<\/label><div class=\"um-clear\"><\/div><\/div><div class=\"um-field-area\"><input  autocomplete=\"off\" class=\"um-form-field valid not-required \" type=\"text\" name=\"azienda-8\" id=\"azienda-8\" value=\"\" placeholder=\"Indica il nome dell&#039;Azienda\" data-validate=\"\" data-key=\"azienda\"  aria-invalid=\"false\" \/>\n\n\t\t\t\t\t\t<\/div><\/div><div  class=\"um-field um-field-block  um-field-block um-field-type_block\" data-key=\"um_block_8_13\"><strong style=\"color: #25a0ae\">DICHIARAZIONE DI CONSENSO PRIVACY<\/strong><br>(Ai sensi dell'art. 13 Regolamento Europeo per la Protezione dei Dati Personali 679\/2016) Prima di proseguire, ti invitiamo a leggere attentamente quanto riportato nelle pagine relative ai consensi richiesti di seguito che regolano i servizi di MakingLife<\/div><div  class=\"um-field um-field-block  um-field-block um-field-type_block\" data-key=\"um_block_8_16\">Dichiaro:\r\n<\/div><div  id=\"um_field_8_market_searchs\" class=\"um-field um-field-radio  um-field-market_searchs um-field-radio um-field-type_radio\" data-key=\"market_searchs\"  aria-invalid=\"false\" ><div class=\"um-field-label\"><label for=\"market_searchs-8\">di acconsentire che il Titolare tramite i propri Incaricati possa trattare i miei dati per finalit\u00e0 di ricerche di mercato e comunicazioni promozionali proprie anche via email e telefono per le finalit\u00e0 e con le modalit\u00e0 indicate in Informativa;<\/label><div class=\"um-clear\"><\/div><\/div><div class=\"um-field-area\"><label class=\"um-field-radio  um-field-half \"><input  type=\"radio\" name=\"market_searchs[]\" value=\"Acconsento\"  \/><span class=\"um-field-radio-state\"><i class=\"um-icon-android-radio-button-off\"><\/i><\/span><span class=\"um-field-radio-option\">Acconsento<\/span><\/label><label class=\"um-field-radio  um-field-half  right \"><input  type=\"radio\" name=\"market_searchs[]\" value=\"Non acconsento\"  \/><span class=\"um-field-radio-state\"><i class=\"um-icon-android-radio-button-off\"><\/i><\/span><span class=\"um-field-radio-option\">Non acconsento<\/span><\/label><div class=\"um-clear\"><\/div><div class=\"um-clear\"><\/div><\/div><\/div><div  id=\"um_field_8_third_partiess\" class=\"um-field um-field-radio  um-field-third_partiess um-field-radio um-field-type_radio\" data-key=\"third_partiess\"  aria-invalid=\"false\" ><div class=\"um-field-label\"><label for=\"third_partiess-8\">di acconsentire che il Titolare tramite i propri Incaricati possa comunicare i miei dati a terze parti, in qualit\u00e0 di Titolari autonomi, per finalit\u00e0 di promozione e di ricerca di mercato di questi ultimi;<\/label><div class=\"um-clear\"><\/div><\/div><div class=\"um-field-area\"><label class=\"um-field-radio  um-field-half \"><input  type=\"radio\" name=\"third_partiess[]\" value=\"Acconsento\"  \/><span class=\"um-field-radio-state\"><i class=\"um-icon-android-radio-button-off\"><\/i><\/span><span class=\"um-field-radio-option\">Acconsento<\/span><\/label><label class=\"um-field-radio  um-field-half  right \"><input  type=\"radio\" name=\"third_partiess[]\" value=\"Non acconsento\"  \/><span class=\"um-field-radio-state\"><i class=\"um-icon-android-radio-button-off\"><\/i><\/span><span class=\"um-field-radio-option\">Non acconsento<\/span><\/label><div class=\"um-clear\"><\/div><div class=\"um-clear\"><\/div><\/div><\/div><div  class=\"um-field um-field-block  um-field-block um-field-type_block\" data-key=\"um_block_8_17\">I dati personali e professionali forniti e indicati all\u2019atto della compilazione del form avranno valore di autocertificazione a tutti gli effetti come da art.46 D.P.R. n\u00b0 445\/2000.\r\n<\/div><div  id=\"um_field_8_privacy2\" class=\"um-field um-field-radio  um-field-privacy2 um-field-radio um-field-type_radio\" data-key=\"privacy2\"  aria-invalid=\"false\" ><div class=\"um-field-area\"><label class=\"um-field-radio  um-field-half  um-field-radio-state-disabled\"><input  type=\"radio\" name=\"privacy2[]\" value=\"Dichiaro di aver compreso l\u2019informativa per il trattamento dei dati personali, riferita alle piattaforme editoriali e ai servizi offerti da MakingLife\"  \/><span class=\"um-field-radio-state\"><i class=\"um-icon-android-radio-button-off\"><\/i><\/span><span class=\"um-field-radio-option\">Dichiaro di aver compreso l\u2019informativa per il trattamento dei dati personali, riferita alle piattaforme editoriali e ai servizi offerti da MakingLife<\/span><\/label><div class=\"um-clear\"><\/div><\/div><\/div><div  id=\"um_field_8_accettazionecondizioni\" class=\"um-field um-field-radio  um-field-accettazionecondizioni um-field-radio um-field-type_radio\" data-key=\"accettazionecondizioni\"  aria-invalid=\"false\" ><div class=\"um-field-area\"><label class=\"um-field-radio  um-field-half  um-field-radio-state-disabled\"><input  type=\"radio\" name=\"accettazionecondizioni[]\" value=\"Di avere preso visione e di accettare le condizioni d\u2019uso\"  \/><span class=\"um-field-radio-state\"><i class=\"um-icon-android-radio-button-off\"><\/i><\/span><span class=\"um-field-radio-option\">Di avere preso visione e di accettare le condizioni d\u2019uso<\/span><\/label><div class=\"um-clear\"><\/div><\/div><\/div><\/div><\/div>\t<input type=\"hidden\" name=\"form_id\" id=\"form_id_8\" value=\"8\" \/>\n\t\t<p class=\"um_request_name\">\n\t\t<label for=\"um_request_8\">Only fill in if you are not human<\/label>\n\t\t<input type=\"hidden\" name=\"um_request\" id=\"um_request_8\" class=\"input\" value=\"\" size=\"25\" autocomplete=\"off\" \/>\n\t<\/p>\n\t<input type=\"hidden\" id=\"_wpnonce\" name=\"_wpnonce\" value=\"23215dc590\" \/><input type=\"hidden\" name=\"_wp_http_referer\" value=\"\/app\/wp-json\/wp\/v2\/pages\/14\" \/>\n<div class=\"g-recaptcha\" id=\"um-8\" data-mode=\"register\"><\/div>\n\n\n\t<div class=\"um-col-alt\">\n\n\t\t\n\t\t\t<div class=\"um-center\">\n\t\t\t\t<input type=\"submit\" value=\"VOGLIO ISCRIVERMI\" class=\"um-button\" id=\"um-submit-btn\" \/>\n\t\t\t<\/div>\n\n\t\t\n\t\t<div class=\"um-clear\"><\/div>\n\n\t<\/div>\n\n\t\t\t<\/form>\n\t<\/div>\n<\/div>\n<style>\n\t\t\t.um-8.um {\n\t\t\tmax-width: 450px;\n\t\t}\n\t\t<\/style>\n<\/div>\n\t\t\t\t\t\t<\/div>\n\t\t\t\t\t<\/div>\n\t\t\t\t<\/div>\n\t\t\t\t<\/div>\n\t\t\t\t<\/div>\n\t\t\t\t<\/div>\n\t\t\t\t<\/div>\n\t\t\t\t\t<\/div>\n\t\t\t\t<\/div>\n\t\t\t\t<\/div>\n\t\t","protected":false},"excerpt":{"rendered":"<p>MAKING CONNECT<\/p>\n","protected":false},"author":1,"featured_media":0,"parent":0,"menu_order":0,"comment_status":"closed","ping_status":"closed","template":"elementor_canvas","meta":{"_acf_changed":false,"_bbp_topic_count":0,"_bbp_reply_count":0,"_bbp_total_topic_count":0,"_bbp_total_reply_count":0,"_bbp_voice_count":0,"_bbp_anonymous_reply_count":0,"_bbp_topic_count_hidden":0,"_bbp_reply_count_hidden":0,"_bbp_forum_subforum_count":0,"_mo_disable_npp":"","footnotes":"","_links_to":"","_links_to_target":""},"class_list":["post-14","page","type-page","status-publish","hentry"],"acf":[],"_links":{"self":[{"href":"https:\/\/makingconnect.it\/app\/wp-json\/wp\/v2\/pages\/14","targetHints":{"allow":["GET"]}}],"collection":[{"href":"https:\/\/makingconnect.it\/app\/wp-json\/wp\/v2\/pages"}],"about":[{"href":"https:\/\/makingconnect.it\/app\/wp-json\/wp\/v2\/types\/page"}],"author":[{"embeddable":true,"href":"https:\/\/makingconnect.it\/app\/wp-json\/wp\/v2\/users\/1"}],"replies":[{"embeddable":true,"href":"https:\/\/makingconnect.it\/app\/wp-json\/wp\/v2\/comments?post=14"}],"version-history":[{"count":0,"href":"https:\/\/makingconnect.it\/app\/wp-json\/wp\/v2\/pages\/14\/revisions"}],"wp:attachment":[{"href":"https:\/\/makingconnect.it\/app\/wp-json\/wp\/v2\/media?parent=14"}],"curies":[{"name":"wp","href":"https:\/\/api.w.org\/{rel}","templated":true}]}}